{"id":5832,"date":"2024-03-18T17:12:45","date_gmt":"2024-03-18T16:12:45","guid":{"rendered":"https:\/\/italianpropertyauction.com\/?page_id=5832"},"modified":"2024-05-22T16:27:50","modified_gmt":"2024-05-22T14:27:50","slug":"weitere-informationen-in-kurze","status":"publish","type":"page","link":"https:\/\/italianpropertyauction.com\/de\/meer-informatie-volgt-binnenkort\/","title":{"rendered":"Weitere Informationen folgen in K\u00fcrze"},"content":{"rendered":"<div class=\"wp-block-stackable-text stk-block-text stk-block stk-0fa3283\" data-block-id=\"0fa3283\"><p class=\"stk-block-text__text\"><\/p><\/div>\n\n\n\n<div class=\"wp-block-stackable-text stk-block-text stk-block stk-34f532b\" data-block-id=\"34f532b\"><style>.stk-34f532b{margin-bottom:28px !important}.stk-34f532b .stk-block-text__text{font-size:24px !important;color:var(--theme-palette-color-2,#52796f) !important}@media screen and (max-width:999px){.stk-34f532b .stk-block-text__text{font-size:24px !important}}<\/style><p class=\"stk-block-text__text has-text-color\">F\u00fcr diese Immobilie werden alle spezifischen Informationen \u00fcber die Immobilie und die Auktion noch gepr\u00fcft und bearbeitet. Wir werden sie so bald wie m\u00f6glich auf der Website ver\u00f6ffentlichen.<br><br>Wenn Sie interessiert sind, k\u00f6nnen Sie sich gerne an uns wenden. <strong>Geben Sie bei Ihrer Bewerbung die Lage und den Preis der Immobilie an, f\u00fcr die Sie sich interessieren!<\/strong><\/p><\/div>\n\n\n\n<div class=\"wp-block-stackable-text stk-block-text stk-block stk-97a4060 stk-block-background\" data-block-id=\"97a4060\"><style>.stk-97a4060{background-color:var(u002du002dtheme-palette-color-3,#cad2c5) !important;max-width:1500px !important;margin-top:3px !important;margin-right:auto !important;margin-bottom:32px !important;margin-left:0px !important}.stk-97a4060:before{background-color:var(u002du002dtheme-palette-color-3,#cad2c5) !important}.stk-97a4060 .stk-block-text__text{font-size:15px !important;color:var(--theme-palette-color-5,#384b56) !important}@media screen and (max-width:999px){.stk-97a4060 .stk-block-text__text{font-size:15px !important}}<\/style><p class=\"stk-block-text__text has-text-color has-text-align-center\"><\/p><\/div>\n\n\n<div class=\"wp-block-jetpack-contact-form\"><a href=\"https:\/\/italianpropertyauction.com\/de\/meer-informatie-volgt-binnenkort\/\" target=\"_blank\" rel=\"noopener noreferrer\">Formular einreichen.<\/a><\/div>\n\n\n<div class=\"wp-block-columns is-layout-flex wp-container-core-columns-is-layout-28f84493 wp-block-columns-is-layout-flex\">\n<div class=\"wp-block-column is-layout-flow wp-block-column-is-layout-flow\">\n<figure class=\"wp-block-image size-large\"><img data-recalc-dims=\"1\" loading=\"lazy\" decoding=\"async\" width=\"1024\" height=\"768\" data-attachment-id=\"1690\" data-permalink=\"https:\/\/italianpropertyauction.com\/de\/home-2\/sirolo1\/\" data-orig-file=\"https:\/\/i0.wp.com\/italianpropertyauction.com\/wp-content\/uploads\/2023\/02\/sirolo1.jpg?fit=4032%2C3024&amp;ssl=1\" data-orig-size=\"4032,3024\" data-comments-opened=\"1\" data-image-meta=\"{&quot;aperture&quot;:&quot;2.4&quot;,&quot;credit&quot;:&quot;&quot;,&quot;camera&quot;:&quot;SM-G780F&quot;,&quot;caption&quot;:&quot;&quot;,&quot;created_timestamp&quot;:&quot;1662809242&quot;,&quot;copyright&quot;:&quot;&quot;,&quot;focal_length&quot;:&quot;7.12&quot;,&quot;iso&quot;:&quot;50&quot;,&quot;shutter_speed&quot;:&quot;0.00062034739454094&quot;,&quot;title&quot;:&quot;&quot;,&quot;orientation&quot;:&quot;1&quot;}\" data-image-title=\"sirolo1\" data-image-description=\"\" data-image-caption=\"\" data-large-file=\"https:\/\/i0.wp.com\/italianpropertyauction.com\/wp-content\/uploads\/2023\/02\/sirolo1.jpg?fit=1024%2C768&amp;ssl=1\" src=\"https:\/\/i0.wp.com\/italianpropertyauction.com\/wp-content\/uploads\/2023\/02\/sirolo1.jpg?resize=1024%2C768&#038;ssl=1\" alt=\"\" class=\"wp-image-1690\" srcset=\"https:\/\/i0.wp.com\/italianpropertyauction.com\/wp-content\/uploads\/2023\/02\/sirolo1.jpg?resize=1024%2C768&amp;ssl=1 1024w, https:\/\/i0.wp.com\/italianpropertyauction.com\/wp-content\/uploads\/2023\/02\/sirolo1.jpg?resize=300%2C225&amp;ssl=1 300w, https:\/\/i0.wp.com\/italianpropertyauction.com\/wp-content\/uploads\/2023\/02\/sirolo1.jpg?resize=768%2C576&amp;ssl=1 768w, https:\/\/i0.wp.com\/italianpropertyauction.com\/wp-content\/uploads\/2023\/02\/sirolo1.jpg?resize=1536%2C1152&amp;ssl=1 1536w, https:\/\/i0.wp.com\/italianpropertyauction.com\/wp-content\/uploads\/2023\/02\/sirolo1.jpg?resize=2048%2C1536&amp;ssl=1 2048w, https:\/\/i0.wp.com\/italianpropertyauction.com\/wp-content\/uploads\/2023\/02\/sirolo1.jpg?resize=1200%2C900&amp;ssl=1 1200w, https:\/\/i0.wp.com\/italianpropertyauction.com\/wp-content\/uploads\/2023\/02\/sirolo1.jpg?resize=800%2C600&amp;ssl=1 800w, https:\/\/i0.wp.com\/italianpropertyauction.com\/wp-content\/uploads\/2023\/02\/sirolo1.jpg?resize=400%2C300&amp;ssl=1 400w, https:\/\/i0.wp.com\/italianpropertyauction.com\/wp-content\/uploads\/2023\/02\/sirolo1.jpg?resize=200%2C150&amp;ssl=1 200w, https:\/\/i0.wp.com\/italianpropertyauction.com\/wp-content\/uploads\/2023\/02\/sirolo1.jpg?resize=600%2C450&amp;ssl=1 600w, https:\/\/i0.wp.com\/italianpropertyauction.com\/wp-content\/uploads\/2023\/02\/sirolo1.jpg?w=2580&amp;ssl=1 2580w, https:\/\/i0.wp.com\/italianpropertyauction.com\/wp-content\/uploads\/2023\/02\/sirolo1.jpg?w=3870&amp;ssl=1 3870w\" sizes=\"auto, (max-width: 1024px) 100vw, 1024px\" \/><\/figure>\n<\/div>\n\n\n\n<div class=\"wp-block-column is-layout-flow wp-block-column-is-layout-flow\">\n<figure class=\"wp-block-image size-large\"><img data-recalc-dims=\"1\" loading=\"lazy\" decoding=\"async\" width=\"1024\" height=\"683\" data-attachment-id=\"1847\" data-permalink=\"https:\/\/italianpropertyauction.com\/de\/blog-kastelen\/kasteel-trasimeno\/\" data-orig-file=\"https:\/\/i0.wp.com\/italianpropertyauction.com\/wp-content\/uploads\/2023\/03\/kasteel-trasimeno.jpg?fit=5946%2C3964&amp;ssl=1\" data-orig-size=\"5946,3964\" data-comments-opened=\"1\" data-image-meta=\"{&quot;aperture&quot;:&quot;0&quot;,&quot;credit&quot;:&quot;&quot;,&quot;camera&quot;:&quot;&quot;,&quot;caption&quot;:&quot;&quot;,&quot;created_timestamp&quot;:&quot;0&quot;,&quot;copyright&quot;:&quot;&quot;,&quot;focal_length&quot;:&quot;0&quot;,&quot;iso&quot;:&quot;0&quot;,&quot;shutter_speed&quot;:&quot;0&quot;,&quot;title&quot;:&quot;&quot;,&quot;orientation&quot;:&quot;0&quot;}\" data-image-title=\"kasteel trasimeno\" data-image-description=\"\" data-image-caption=\"\" data-large-file=\"https:\/\/i0.wp.com\/italianpropertyauction.com\/wp-content\/uploads\/2023\/03\/kasteel-trasimeno.jpg?fit=1024%2C683&amp;ssl=1\" src=\"https:\/\/i0.wp.com\/italianpropertyauction.com\/wp-content\/uploads\/2023\/03\/kasteel-trasimeno.jpg?resize=1024%2C683&#038;ssl=1\" alt=\"\" class=\"wp-image-1847\" srcset=\"https:\/\/i0.wp.com\/italianpropertyauction.com\/wp-content\/uploads\/2023\/03\/kasteel-trasimeno.jpg?resize=1024%2C683&amp;ssl=1 1024w, https:\/\/i0.wp.com\/italianpropertyauction.com\/wp-content\/uploads\/2023\/03\/kasteel-trasimeno.jpg?resize=300%2C200&amp;ssl=1 300w, https:\/\/i0.wp.com\/italianpropertyauction.com\/wp-content\/uploads\/2023\/03\/kasteel-trasimeno.jpg?resize=768%2C512&amp;ssl=1 768w, https:\/\/i0.wp.com\/italianpropertyauction.com\/wp-content\/uploads\/2023\/03\/kasteel-trasimeno.jpg?resize=1536%2C1024&amp;ssl=1 1536w, https:\/\/i0.wp.com\/italianpropertyauction.com\/wp-content\/uploads\/2023\/03\/kasteel-trasimeno.jpg?resize=2048%2C1365&amp;ssl=1 2048w, https:\/\/i0.wp.com\/italianpropertyauction.com\/wp-content\/uploads\/2023\/03\/kasteel-trasimeno.jpg?resize=1200%2C800&amp;ssl=1 1200w, https:\/\/i0.wp.com\/italianpropertyauction.com\/wp-content\/uploads\/2023\/03\/kasteel-trasimeno.jpg?resize=600%2C400&amp;ssl=1 600w, https:\/\/i0.wp.com\/italianpropertyauction.com\/wp-content\/uploads\/2023\/03\/kasteel-trasimeno.jpg?w=2580&amp;ssl=1 2580w, https:\/\/i0.wp.com\/italianpropertyauction.com\/wp-content\/uploads\/2023\/03\/kasteel-trasimeno.jpg?w=3870&amp;ssl=1 3870w\" sizes=\"auto, (max-width: 1024px) 100vw, 1024px\" \/><\/figure>\n<\/div>\n\n\n\n<div class=\"wp-block-column is-layout-flow wp-block-column-is-layout-flow\">\n<figure class=\"wp-block-image size-large\"><img data-recalc-dims=\"1\" loading=\"lazy\" decoding=\"async\" width=\"1024\" height=\"768\" data-attachment-id=\"1686\" data-permalink=\"https:\/\/italianpropertyauction.com\/de\/home-2\/ricciola-66\/\" data-orig-file=\"https:\/\/i0.wp.com\/italianpropertyauction.com\/wp-content\/uploads\/2023\/02\/ricciola-66.jpg?fit=4032%2C3024&amp;ssl=1\" data-orig-size=\"4032,3024\" data-comments-opened=\"1\" data-image-meta=\"{&quot;aperture&quot;:&quot;2.4&quot;,&quot;credit&quot;:&quot;&quot;,&quot;camera&quot;:&quot;SM-G780F&quot;,&quot;caption&quot;:&quot;&quot;,&quot;created_timestamp&quot;:&quot;1664872048&quot;,&quot;copyright&quot;:&quot;&quot;,&quot;focal_length&quot;:&quot;7.12&quot;,&quot;iso&quot;:&quot;50&quot;,&quot;shutter_speed&quot;:&quot;0.00043252595155709&quot;,&quot;title&quot;:&quot;&quot;,&quot;orientation&quot;:&quot;1&quot;}\" data-image-title=\"ricciola 66\" data-image-description=\"\" data-image-caption=\"\" data-large-file=\"https:\/\/i0.wp.com\/italianpropertyauction.com\/wp-content\/uploads\/2023\/02\/ricciola-66.jpg?fit=1024%2C768&amp;ssl=1\" src=\"https:\/\/i0.wp.com\/italianpropertyauction.com\/wp-content\/uploads\/2023\/02\/ricciola-66.jpg?resize=1024%2C768&#038;ssl=1\" alt=\"\" class=\"wp-image-1686\" srcset=\"https:\/\/i0.wp.com\/italianpropertyauction.com\/wp-content\/uploads\/2023\/02\/ricciola-66.jpg?resize=1024%2C768&amp;ssl=1 1024w, https:\/\/i0.wp.com\/italianpropertyauction.com\/wp-content\/uploads\/2023\/02\/ricciola-66.jpg?resize=300%2C225&amp;ssl=1 300w, https:\/\/i0.wp.com\/italianpropertyauction.com\/wp-content\/uploads\/2023\/02\/ricciola-66.jpg?resize=768%2C576&amp;ssl=1 768w, https:\/\/i0.wp.com\/italianpropertyauction.com\/wp-content\/uploads\/2023\/02\/ricciola-66.jpg?resize=1536%2C1152&amp;ssl=1 1536w, https:\/\/i0.wp.com\/italianpropertyauction.com\/wp-content\/uploads\/2023\/02\/ricciola-66.jpg?resize=2048%2C1536&amp;ssl=1 2048w, https:\/\/i0.wp.com\/italianpropertyauction.com\/wp-content\/uploads\/2023\/02\/ricciola-66.jpg?resize=1200%2C900&amp;ssl=1 1200w, https:\/\/i0.wp.com\/italianpropertyauction.com\/wp-content\/uploads\/2023\/02\/ricciola-66.jpg?resize=800%2C600&amp;ssl=1 800w, https:\/\/i0.wp.com\/italianpropertyauction.com\/wp-content\/uploads\/2023\/02\/ricciola-66.jpg?resize=400%2C300&amp;ssl=1 400w, https:\/\/i0.wp.com\/italianpropertyauction.com\/wp-content\/uploads\/2023\/02\/ricciola-66.jpg?resize=200%2C150&amp;ssl=1 200w, https:\/\/i0.wp.com\/italianpropertyauction.com\/wp-content\/uploads\/2023\/02\/ricciola-66.jpg?resize=600%2C450&amp;ssl=1 600w, https:\/\/i0.wp.com\/italianpropertyauction.com\/wp-content\/uploads\/2023\/02\/ricciola-66.jpg?w=2580&amp;ssl=1 2580w, https:\/\/i0.wp.com\/italianpropertyauction.com\/wp-content\/uploads\/2023\/02\/ricciola-66.jpg?w=3870&amp;ssl=1 3870w\" sizes=\"auto, (max-width: 1024px) 100vw, 1024px\" \/><\/figure>\n<\/div>\n<\/div>\n\n\n\n<div class=\"wp-block-stackable-text stk-block-text stk-block stk-514d098\" data-block-id=\"514d098\"><p class=\"stk-block-text__text\"><\/p><\/div>\n\n\n\n<div class=\"wp-block-columns is-layout-flex wp-container-core-columns-is-layout-28f84493 wp-block-columns-is-layout-flex\">\n<div class=\"wp-block-column is-layout-flow wp-block-column-is-layout-flow\">\n<div class=\"wp-block-stackable-text stk-block-text stk-block stk-785688f stk-block-background\" data-block-id=\"785688f\"><style>.stk-785688f{background-color:#3b9d1e !important}.stk-785688f:before{background-color:#3b9d1e !important}<\/style><p class=\"stk-block-text__text\"><\/p><\/div>\n<\/div>\n\n\n\n<div class=\"wp-block-column is-layout-flow wp-block-column-is-layout-flow\"><\/div>\n\n\n\n<div class=\"wp-block-column is-layout-flow wp-block-column-is-layout-flow\">\n<div class=\"wp-block-stackable-text stk-block-text stk-block stk-5f7e622 stk-block-background\" data-block-id=\"5f7e622\"><style>.stk-5f7e622{background-color:#da1010 !important}.stk-5f7e622:before{background-color:#da1010 !important}<\/style><p class=\"stk-block-text__text\"><\/p><\/div>\n<\/div>\n<\/div>","protected":false},"excerpt":{"rendered":"<p>F\u00fcr diese Immobilie werden alle spezifischen Informationen \u00fcber die Immobilie und die Auktion noch gepr\u00fcft und bearbeitet. Wir werden sie so bald wie m\u00f6glich auf der Website ver\u00f6ffentlichen. Wenn Sie Interesse haben, k\u00f6nnen Sie uns gerne kontaktieren. Bitte geben Sie bei Ihrer Bewerbung die Lage und den Preis der Immobilie an, an der Sie interessiert sind!<\/p>","protected":false},"author":176211677,"featured_media":0,"parent":0,"menu_order":0,"comment_status":"closed","ping_status":"closed","template":"","meta":{"footnotes":""},"class_list":["post-5832","page","type-page","status-publish","hentry"],"blocksy_meta":[],"yoast_head":"<!-- This site is optimized with the Yoast SEO plugin v27.4 - https:\/\/yoast.com\/product\/yoast-seo-wordpress\/ -->\n<title>Meer informatie volgt binnenkort - Italian Property Auction<\/title>\n<meta name=\"robots\" content=\"index, follow, max-snippet:-1, max-image-preview:large, max-video-preview:-1\" \/>\n<link rel=\"canonical\" href=\"https:\/\/italianpropertyauction.com\/de\/weitere-informationen-in-kurze\/\" \/>\n<meta property=\"og:locale\" content=\"de_DE\" \/>\n<meta property=\"og:type\" content=\"article\" \/>\n<meta property=\"og:title\" content=\"Meer informatie volgt binnenkort - Italian Property Auction\" \/>\n<meta property=\"og:description\" content=\"Voor dit object wordt alle specifieke informatie over het pand en de veiling nog gecheckt en verwerkt. We plaatsen dit zo spoedig mogelijk op de website. Heb je interesse, neem dan gerust contact met ons op. Vermeld bij de aanvraag de plaats en prijs van het object waarin je bent ge\u00efnteresseerd!\" \/>\n<meta property=\"og:url\" content=\"https:\/\/italianpropertyauction.com\/de\/weitere-informationen-in-kurze\/\" \/>\n<meta property=\"og:site_name\" content=\"Italian Property Auction\" \/>\n<meta property=\"article:modified_time\" content=\"2024-05-22T14:27:50+00:00\" \/>\n<meta property=\"og:image\" content=\"https:\/\/italianpropertyauction.com\/wp-content\/uploads\/2023\/02\/sirolo1-1024x768.jpg\" \/>\n<meta name=\"twitter:card\" content=\"summary_large_image\" \/>\n<meta name=\"twitter:site\" content=\"@VeilinghuisIT\" \/>\n<script type=\"application\/ld+json\" class=\"yoast-schema-graph\">{\"@context\":\"https:\\\/\\\/schema.org\",\"@graph\":[{\"@type\":\"WebPage\",\"@id\":\"https:\\\/\\\/italianpropertyauction.com\\\/meer-informatie-volgt-binnenkort\\\/\",\"url\":\"https:\\\/\\\/italianpropertyauction.com\\\/meer-informatie-volgt-binnenkort\\\/\",\"name\":\"Meer informatie volgt binnenkort - Italian Property Auction\",\"isPartOf\":{\"@id\":\"https:\\\/\\\/italianpropertyauction.com\\\/#website\"},\"primaryImageOfPage\":{\"@id\":\"https:\\\/\\\/italianpropertyauction.com\\\/meer-informatie-volgt-binnenkort\\\/#primaryimage\"},\"image\":{\"@id\":\"https:\\\/\\\/italianpropertyauction.com\\\/meer-informatie-volgt-binnenkort\\\/#primaryimage\"},\"thumbnailUrl\":\"https:\\\/\\\/italianpropertyauction.com\\\/wp-content\\\/uploads\\\/2023\\\/02\\\/sirolo1-1024x768.jpg\",\"datePublished\":\"2024-03-18T16:12:45+00:00\",\"dateModified\":\"2024-05-22T14:27:50+00:00\",\"breadcrumb\":{\"@id\":\"https:\\\/\\\/italianpropertyauction.com\\\/meer-informatie-volgt-binnenkort\\\/#breadcrumb\"},\"inLanguage\":\"de\",\"potentialAction\":[{\"@type\":\"ReadAction\",\"target\":[\"https:\\\/\\\/italianpropertyauction.com\\\/meer-informatie-volgt-binnenkort\\\/\"]}]},{\"@type\":\"ImageObject\",\"inLanguage\":\"de\",\"@id\":\"https:\\\/\\\/italianpropertyauction.com\\\/meer-informatie-volgt-binnenkort\\\/#primaryimage\",\"url\":\"https:\\\/\\\/italianpropertyauction.com\\\/wp-content\\\/uploads\\\/2023\\\/02\\\/sirolo1-1024x768.jpg\",\"contentUrl\":\"https:\\\/\\\/italianpropertyauction.com\\\/wp-content\\\/uploads\\\/2023\\\/02\\\/sirolo1-1024x768.jpg\"},{\"@type\":\"BreadcrumbList\",\"@id\":\"https:\\\/\\\/italianpropertyauction.com\\\/meer-informatie-volgt-binnenkort\\\/#breadcrumb\",\"itemListElement\":[{\"@type\":\"ListItem\",\"position\":1,\"name\":\"Home\",\"item\":\"https:\\\/\\\/italianpropertyauction.com\\\/\"},{\"@type\":\"ListItem\",\"position\":2,\"name\":\"Meer informatie volgt binnenkort\"}]},{\"@type\":\"WebSite\",\"@id\":\"https:\\\/\\\/italianpropertyauction.com\\\/#website\",\"url\":\"https:\\\/\\\/italianpropertyauction.com\\\/\",\"name\":\"Italian Property Auction\",\"description\":\"Real estate | Investments\",\"publisher\":{\"@id\":\"https:\\\/\\\/italianpropertyauction.com\\\/#organization\"},\"potentialAction\":[{\"@type\":\"SearchAction\",\"target\":{\"@type\":\"EntryPoint\",\"urlTemplate\":\"https:\\\/\\\/italianpropertyauction.com\\\/?s={search_term_string}\"},\"query-input\":{\"@type\":\"PropertyValueSpecification\",\"valueRequired\":true,\"valueName\":\"search_term_string\"}}],\"inLanguage\":\"de\"},{\"@type\":\"Organization\",\"@id\":\"https:\\\/\\\/italianpropertyauction.com\\\/#organization\",\"name\":\"Italian Property Auction\",\"url\":\"https:\\\/\\\/italianpropertyauction.com\\\/\",\"logo\":{\"@type\":\"ImageObject\",\"inLanguage\":\"de\",\"@id\":\"https:\\\/\\\/italianpropertyauction.com\\\/#\\\/schema\\\/logo\\\/image\\\/\",\"url\":\"https:\\\/\\\/i0.wp.com\\\/italianpropertyauction.com\\\/wp-content\\\/uploads\\\/2024\\\/07\\\/Logo-plat-groen-nieuw.png?fit=2500%2C1250&ssl=1\",\"contentUrl\":\"https:\\\/\\\/i0.wp.com\\\/italianpropertyauction.com\\\/wp-content\\\/uploads\\\/2024\\\/07\\\/Logo-plat-groen-nieuw.png?fit=2500%2C1250&ssl=1\",\"width\":2500,\"height\":1250,\"caption\":\"Italian Property Auction\"},\"image\":{\"@id\":\"https:\\\/\\\/italianpropertyauction.com\\\/#\\\/schema\\\/logo\\\/image\\\/\"},\"sameAs\":[\"https:\\\/\\\/x.com\\\/VeilinghuisIT\"]}]}<\/script>\n<!-- \/ Yoast SEO plugin. -->","yoast_head_json":{"title":"Weitere Informationen in K\u00fcrze - Italienische Immobilienauktion","robots":{"index":"index","follow":"follow","max-snippet":"max-snippet:-1","max-image-preview":"max-image-preview:large","max-video-preview":"max-video-preview:-1"},"canonical":"https:\/\/italianpropertyauction.com\/de\/weitere-informationen-in-kurze\/","og_locale":"de_DE","og_type":"article","og_title":"Meer informatie volgt binnenkort - Italian Property Auction","og_description":"Voor dit object wordt alle specifieke informatie over het pand en de veiling nog gecheckt en verwerkt. We plaatsen dit zo spoedig mogelijk op de website. Heb je interesse, neem dan gerust contact met ons op. Vermeld bij de aanvraag de plaats en prijs van het object waarin je bent ge\u00efnteresseerd!","og_url":"https:\/\/italianpropertyauction.com\/de\/weitere-informationen-in-kurze\/","og_site_name":"Italian Property Auction","article_modified_time":"2024-05-22T14:27:50+00:00","og_image":[{"url":"https:\/\/italianpropertyauction.com\/wp-content\/uploads\/2023\/02\/sirolo1-1024x768.jpg","type":"","width":"","height":""}],"twitter_card":"summary_large_image","twitter_site":"@VeilinghuisIT","schema":{"@context":"https:\/\/schema.org","@graph":[{"@type":"WebPage","@id":"https:\/\/italianpropertyauction.com\/meer-informatie-volgt-binnenkort\/","url":"https:\/\/italianpropertyauction.com\/meer-informatie-volgt-binnenkort\/","name":"Weitere Informationen in K\u00fcrze - Italienische Immobilienauktion","isPartOf":{"@id":"https:\/\/italianpropertyauction.com\/#website"},"primaryImageOfPage":{"@id":"https:\/\/italianpropertyauction.com\/meer-informatie-volgt-binnenkort\/#primaryimage"},"image":{"@id":"https:\/\/italianpropertyauction.com\/meer-informatie-volgt-binnenkort\/#primaryimage"},"thumbnailUrl":"https:\/\/italianpropertyauction.com\/wp-content\/uploads\/2023\/02\/sirolo1-1024x768.jpg","datePublished":"2024-03-18T16:12:45+00:00","dateModified":"2024-05-22T14:27:50+00:00","breadcrumb":{"@id":"https:\/\/italianpropertyauction.com\/meer-informatie-volgt-binnenkort\/#breadcrumb"},"inLanguage":"de","potentialAction":[{"@type":"ReadAction","target":["https:\/\/italianpropertyauction.com\/meer-informatie-volgt-binnenkort\/"]}]},{"@type":"ImageObject","inLanguage":"de","@id":"https:\/\/italianpropertyauction.com\/meer-informatie-volgt-binnenkort\/#primaryimage","url":"https:\/\/italianpropertyauction.com\/wp-content\/uploads\/2023\/02\/sirolo1-1024x768.jpg","contentUrl":"https:\/\/italianpropertyauction.com\/wp-content\/uploads\/2023\/02\/sirolo1-1024x768.jpg"},{"@type":"BreadcrumbList","@id":"https:\/\/italianpropertyauction.com\/meer-informatie-volgt-binnenkort\/#breadcrumb","itemListElement":[{"@type":"ListItem","position":1,"name":"Home","item":"https:\/\/italianpropertyauction.com\/"},{"@type":"ListItem","position":2,"name":"Meer informatie volgt binnenkort"}]},{"@type":"WebSite","@id":"https:\/\/italianpropertyauction.com\/#website","url":"https:\/\/italianpropertyauction.com\/","name":"Italienische Immobilienauktion","description":"Immobilien | Investitionen","publisher":{"@id":"https:\/\/italianpropertyauction.com\/#organization"},"potentialAction":[{"@type":"SearchAction","target":{"@type":"EntryPoint","urlTemplate":"https:\/\/italianpropertyauction.com\/?s={search_term_string}"},"query-input":{"@type":"PropertyValueSpecification","valueRequired":true,"valueName":"search_term_string"}}],"inLanguage":"de"},{"@type":"Organization","@id":"https:\/\/italianpropertyauction.com\/#organization","name":"Italienische Immobilienauktion","url":"https:\/\/italianpropertyauction.com\/","logo":{"@type":"ImageObject","inLanguage":"de","@id":"https:\/\/italianpropertyauction.com\/#\/schema\/logo\/image\/","url":"https:\/\/i0.wp.com\/italianpropertyauction.com\/wp-content\/uploads\/2024\/07\/Logo-plat-groen-nieuw.png?fit=2500%2C1250&ssl=1","contentUrl":"https:\/\/i0.wp.com\/italianpropertyauction.com\/wp-content\/uploads\/2024\/07\/Logo-plat-groen-nieuw.png?fit=2500%2C1250&ssl=1","width":2500,"height":1250,"caption":"Italian Property Auction"},"image":{"@id":"https:\/\/italianpropertyauction.com\/#\/schema\/logo\/image\/"},"sameAs":["https:\/\/x.com\/VeilinghuisIT"]}]}},"jetpack_likes_enabled":true,"jetpack_sharing_enabled":true,"jetpack_shortlink":"https:\/\/wp.me\/PepD1r-1w4","jetpack-related-posts":[],"_links":{"self":[{"href":"https:\/\/italianpropertyauction.com\/de\/wp-json\/wp\/v2\/pages\/5832","targetHints":{"allow":["GET"]}}],"collection":[{"href":"https:\/\/italianpropertyauction.com\/de\/wp-json\/wp\/v2\/pages"}],"about":[{"href":"https:\/\/italianpropertyauction.com\/de\/wp-json\/wp\/v2\/types\/page"}],"author":[{"embeddable":true,"href":"https:\/\/italianpropertyauction.com\/de\/wp-json\/wp\/v2\/users\/176211677"}],"replies":[{"embeddable":true,"href":"https:\/\/italianpropertyauction.com\/de\/wp-json\/wp\/v2\/comments?post=5832"}],"version-history":[{"count":8,"href":"https:\/\/italianpropertyauction.com\/de\/wp-json\/wp\/v2\/pages\/5832\/revisions"}],"predecessor-version":[{"id":6486,"href":"https:\/\/italianpropertyauction.com\/de\/wp-json\/wp\/v2\/pages\/5832\/revisions\/6486"}],"wp:attachment":[{"href":"https:\/\/italianpropertyauction.com\/de\/wp-json\/wp\/v2\/media?parent=5832"}],"curies":[{"name":"wp","href":"https:\/\/api.w.org\/{rel}","templated":true}]}}