{"id":3276,"date":"2023-08-01T18:25:48","date_gmt":"2023-08-01T16:25:48","guid":{"rendered":"https:\/\/italianpropertyauction.com\/?page_id=3276"},"modified":"2023-09-23T21:42:09","modified_gmt":"2023-09-23T19:42:09","slug":"14-09-2023-umbrie-montone","status":"publish","type":"page","link":"https:\/\/italianpropertyauction.com\/de\/14-09-2023-umbrie-montone\/","title":{"rendered":"14-09-2023 Umbrien | Montone"},"content":{"rendered":"<p class=\"has-vivid-red-color has-text-color has-link-color has-large-font-size wp-elements-a1b6a5f21a56da0304a83680b425e9b9\"><strong>Verkauft<\/strong><\/p>\n\n\n\n<div class=\"wp-block-stackable-columns stk-block-columns stk-block stk-ffd5f67 stk-block-background\" data-block-id=\"ffd5f67\"><style>.stk-ffd5f67{background-color:var(--theme-palette-color-3,#cad2c5) !important}.stk-ffd5f67:before{background-color:var(--theme-palette-color-3,#cad2c5) !important}<\/style><div class=\"stk-row stk-inner-blocks stk-block-content stk-content-align stk-ffd5f67-column\">\n<div class=\"wp-block-stackable-column stk-block-column stk-column stk-block stk-e7a48ef\" data-v=\"4\" data-block-id=\"e7a48ef\"><style>@media screen and (min-width:690px){.stk-e7a48ef{flex:1 1 calc(44.5% - var(--stk-column-gap,0px) * 2 \/ 3 ) !important}}<\/style><div class=\"stk-column-wrapper stk-block-column__content stk-container stk-e7a48ef-container stk--no-background stk--no-padding\"><div class=\"stk-block-content stk-inner-blocks stk-e7a48ef-inner-blocks\">\n<p class=\"has-text-align-center has-palette-color-2-color has-text-color has-link-color wp-elements-be07a519cd02ef0b59e7902a3f8d9c3c\" style=\"font-size:clamp(17.905px, 1.119rem + ((1vw - 3.2px) * 0.789), 28px);\"><strong>Umbrien<br>Montone<\/strong><\/p>\n\n\n\n<p class=\"has-text-align-center has-palette-color-5-color has-text-color has-link-color wp-elements-e388309d5231a513cca4bcd136b5febd\"><strong><em>Freistehendes Haus<br>mit vier Schlafzimmern | renoviert im Jahr 2000<\/em><\/strong><\/p>\n<\/div><\/div><\/div>\n\n\n\n<div class=\"wp-block-stackable-column stk-block-column stk-column stk-block stk-d96f9d4\" data-v=\"4\" data-block-id=\"d96f9d4\"><style>@media screen and (min-width:690px){.stk-d96f9d4{flex:1 1 calc(25.9% - var(--stk-column-gap,0px) * 2 \/ 3 ) !important}}<\/style><div class=\"stk-column-wrapper stk-block-column__content stk-container stk-d96f9d4-container stk--no-background stk--no-padding\"><div class=\"stk-block-content stk-inner-blocks stk-d96f9d4-inner-blocks\">\n<div class=\"wp-block-stackable-text stk-block-text stk-block stk-07334c9\" data-block-id=\"07334c9\"><style>.stk-07334c9 .stk-block-text__text{color:#cf2e2e !important}<\/style><p class=\"stk-block-text__text has-text-color has-text-align-left\"><strong>Auktion 14-09-2023<\/strong><\/p><\/div>\n\n\n\n<div class=\"wp-block-stackable-text stk-block-text stk-block stk-db0679b\" data-block-id=\"db0679b\"><style>.stk-db0679b .stk-block-text__text{font-size:15px !important;color:var(--theme-palette-color-5,#384b56) !important}@media screen and (max-width:999px){.stk-db0679b .stk-block-text__text{font-size:15px !important}}<\/style><p class=\"stk-block-text__text has-text-color has-text-align-left\">Sch\u00e4tzungswert: <br>\u20ac 205.000,-<br><br>Grundpreis: <br>\u20ac 31.875,-<br><br>Mindestgebot: \u20ac 24.000<\/p><\/div>\n<\/div><\/div><\/div>\n\n\n\n<div class=\"wp-block-stackable-column stk-block-column stk-column stk-block stk-349b597\" data-v=\"4\" data-block-id=\"349b597\"><style>@media screen and (min-width:690px){.stk-349b597{flex:1 1 calc(29.6% - var(--stk-column-gap,0px) * 2 \/ 3 ) !important}}<\/style><div class=\"stk-column-wrapper stk-block-column__content stk-container stk-349b597-container stk--no-background stk--no-padding\"><div class=\"stk-block-content stk-inner-blocks stk-349b597-inner-blocks\">\n<div class=\"wp-block-stackable-text stk-block-text stk-block stk-5f0992c\" data-block-id=\"5f0992c\"><style>.stk-5f0992c{margin-bottom:5px !important}.stk-5f0992c .stk-block-text__text{color:var(--theme-palette-color-2,#52796f) !important}<\/style><p class=\"stk-block-text__text has-text-color\"><strong>Geschichte der Auktion<\/strong><\/p><\/div>\n\n\n\n<div class=\"wp-block-stackable-columns stk-block-columns stk-block stk-1942813\" data-block-id=\"1942813\"><div class=\"stk-row stk-inner-blocks stk-block-content stk-content-align stk-1942813-column\">\n<div class=\"wp-block-stackable-column stk-block-column stk-column stk-block stk-15f464a\" data-v=\"4\" data-block-id=\"15f464a\"><div class=\"stk-column-wrapper stk-block-column__content stk-container stk-15f464a-container stk--no-background stk--no-padding\"><div class=\"stk-block-content stk-inner-blocks stk-15f464a-inner-blocks\">\n<div class=\"wp-block-stackable-text stk-block-text stk-block stk-dc894ee\" data-block-id=\"dc894ee\"><style>.stk-dc894ee .stk-block-text__text{font-size:15px !important;color:var(--theme-palette-color-5,#384b56) !important}@media screen and (max-width:999px){.stk-dc894ee .stk-block-text__text{font-size:15px !important}}<\/style><p class=\"stk-block-text__text has-text-color\">12-12-2017<br>20-04-2018<br>28-12-2018<br>31-10-2019<br>23-03-2022<br>04-10-2022<br>13-06-2023<br>14-09-2023<br><br><br><\/p><\/div>\n<\/div><\/div><\/div>\n\n\n\n<div class=\"wp-block-stackable-column stk-block-column stk-column stk-block stk-345d66a\" data-v=\"4\" data-block-id=\"345d66a\"><div class=\"stk-column-wrapper stk-block-column__content stk-container stk-345d66a-container stk--no-background stk--no-padding\"><div class=\"stk-block-content stk-inner-blocks stk-345d66a-inner-blocks\">\n<div class=\"wp-block-stackable-text stk-block-text stk-block stk-c433fb7\" data-block-id=\"c433fb7\"><style>.stk-c433fb7 .stk-block-text__text{font-size:15px !important;color:var(--theme-palette-color-5,#384b56) !important}@media screen and (max-width:999px){.stk-c433fb7 .stk-block-text__text{font-size:15px !important}}<\/style><p class=\"stk-block-text__text has-text-color\">\u20ac 205.000,-<br>\u20ac 184.500,-<br>\u20ac 166.050,-<br>\u20ac 149.445,-<br>\u20ac 112.084,-<br>\u20ac 85.000,-<br>\u20ac 42.500,-<br>\u20ac 31.875,-<br><\/p><\/div>\n<\/div><\/div><\/div>\n<\/div><\/div>\n<\/div><\/div><\/div>\n<\/div><\/div>\n\n\n\n<div class=\"wp-block-stackable-columns stk-block-columns stk-block stk-cc3810d\" data-block-id=\"cc3810d\"><div class=\"stk-row stk-inner-blocks stk-block-content stk-content-align stk-cc3810d-column\">\n<div class=\"wp-block-stackable-column stk-block-column stk-column stk-block stk-3ea0dc1\" data-v=\"4\" data-block-id=\"3ea0dc1\"><div class=\"stk-column-wrapper stk-block-column__content stk-container stk-3ea0dc1-container stk--no-background stk--no-padding\"><div class=\"stk-block-content stk-inner-blocks stk-3ea0dc1-inner-blocks\">\n<div class=\"wp-block-stackable-text stk-block-text stk-block stk-dd460bf\" data-block-id=\"dd460bf\"><style>.stk-dd460bf .stk-block-text__text{color:var(--theme-palette-color-2,#52796f) !important}<\/style><p class=\"stk-block-text__text has-text-color\"><strong>Beschreibung<\/strong><\/p><\/div>\n\n\n\n<p class=\"has-palette-color-5-color has-text-color has-link-color wp-elements-c3c7110d9b2c73878371e7b06fd5e5be\">Renoviertes, freistehendes Haus in der N\u00e4he von Montone zu verkaufen, f\u00fcr einen unglaublichen Startpreis von 24.000 Euro!<br><br>Das Haus liegt in einem Weiler in der N\u00e4he der mittelalterlichen Stadt Montone in Umbrien, umgeben von sch\u00f6ner Natur. <br><br>Es wurde 1996 und 2000 renoviert und ist in sehr gutem Zustand. Es besteht aus einem Erdgeschoss \/ Untergeschoss von 75m2, einem ersten Stock von 125m2 plus Terrasse und einem Dachboden von einem anderen 125m2. <br>Insgesamt gibt es eine K\u00fcche, Wohnr\u00e4ume, vier Schlafzimmer und zwei B\u00e4der. Neben dem Haus gibt es ein weiteres St\u00fcck Land von 200m2.<br><br>Trotz der etwas abgelegenen Lage erreichen Sie Montone in 10 Minuten und Gubbio, Citta di Castello und Sansepolcro u.a. in einer halben Stunde. Die Entfernung zum Flughafen Perugia (Verbindung nach Rotterdam) betr\u00e4gt 45 Minuten.<\/p>\n\n\n\n<div class=\"wp-block-stackable-text stk-block-text stk-block stk-2f690c0 stk-block-background\" data-block-id=\"2f690c0\"><style>.stk-2f690c0{background-color:transparent !important}.stk-2f690c0:before{background-color:transparent !important}.stk-2f690c0 .stk-block-text__text{color:var(u002du002dtheme-palette-color-5,#384b56) !important}<\/style><p class=\"stk-block-text__text has-text-color\"><br><\/p><\/div>\n<\/div><\/div><\/div>\n\n\n\n<div class=\"wp-block-stackable-column stk-block-column stk-column stk-block stk-63df1a9\" data-v=\"4\" data-block-id=\"63df1a9\"><div class=\"stk-column-wrapper stk-block-column__content stk-container stk-63df1a9-container stk--no-background stk--no-padding\"><div class=\"stk-block-content stk-inner-blocks stk-63df1a9-inner-blocks\">\n<div class=\"wp-block-jetpack-tiled-gallery aligncenter is-style-rectangular\"><div class=\"tiled-gallery__gallery\"><div class=\"tiled-gallery__row\"><div class=\"tiled-gallery__col\" style=\"flex-basis:48.23434%\"><figure class=\"tiled-gallery__item\"><img decoding=\"async\" data-attachment-id=\"3278\" data-permalink=\"https:\/\/italianpropertyauction.com\/de\/14-09-2023-umbrie-montone\/huis-nabij-montone-2\/\" data-orig-file=\"https:\/\/i0.wp.com\/italianpropertyauction.com\/wp-content\/uploads\/2023\/08\/Huis-nabij-montone.png?fit=568%2C537&amp;ssl=1\" data-orig-size=\"568,537\" data-comments-opened=\"1\" data-image-meta=\"{&quot;aperture&quot;:&quot;0&quot;,&quot;credit&quot;:&quot;&quot;,&quot;camera&quot;:&quot;&quot;,&quot;caption&quot;:&quot;&quot;,&quot;created_timestamp&quot;:&quot;0&quot;,&quot;copyright&quot;:&quot;&quot;,&quot;focal_length&quot;:&quot;0&quot;,&quot;iso&quot;:&quot;0&quot;,&quot;shutter_speed&quot;:&quot;0&quot;,&quot;title&quot;:&quot;&quot;,&quot;orientation&quot;:&quot;0&quot;}\" data-image-title=\"Huis-nabij-montone\" data-image-description=\"\" data-image-caption=\"\" data-large-file=\"https:\/\/i0.wp.com\/italianpropertyauction.com\/wp-content\/uploads\/2023\/08\/Huis-nabij-montone.png?fit=568%2C537&amp;ssl=1\" role=\"button\" tabindex=\"0\" aria-label=\"Bild\u00a01 von 2 im Vollbildmodus \u00f6ffnen\" srcset=\"https:\/\/i0.wp.com\/italianpropertyauction.com\/wp-content\/uploads\/2023\/08\/Huis-nabij-montone.png?strip=info&#038;w=568&#038;ssl=1 568w\" alt=\"\" data-height=\"537\" data-id=\"3278\" data-link=\"https:\/\/italianpropertyauction.com\/?attachment_id=3278\" data-url=\"https:\/\/italianpropertyauction.com\/wp-content\/uploads\/2023\/08\/Huis-nabij-montone.png\" data-width=\"568\" src=\"https:\/\/i0.wp.com\/italianpropertyauction.com\/wp-content\/uploads\/2023\/08\/Huis-nabij-montone.png?ssl=1\" data-amp-layout=\"responsive\"\/><\/figure><\/div><div class=\"tiled-gallery__col\" style=\"flex-basis:51.76566%\"><figure class=\"tiled-gallery__item\"><img decoding=\"async\" data-attachment-id=\"3279\" data-permalink=\"https:\/\/italianpropertyauction.com\/de\/14-09-2023-umbrie-montone\/huisje-montone2\/\" data-orig-file=\"https:\/\/i0.wp.com\/italianpropertyauction.com\/wp-content\/uploads\/2023\/08\/huisje-montone2.png?fit=637%2C561&amp;ssl=1\" data-orig-size=\"637,561\" data-comments-opened=\"1\" data-image-meta=\"{&quot;aperture&quot;:&quot;0&quot;,&quot;credit&quot;:&quot;&quot;,&quot;camera&quot;:&quot;&quot;,&quot;caption&quot;:&quot;&quot;,&quot;created_timestamp&quot;:&quot;0&quot;,&quot;copyright&quot;:&quot;&quot;,&quot;focal_length&quot;:&quot;0&quot;,&quot;iso&quot;:&quot;0&quot;,&quot;shutter_speed&quot;:&quot;0&quot;,&quot;title&quot;:&quot;&quot;,&quot;orientation&quot;:&quot;0&quot;}\" data-image-title=\"huisje-montone2\" data-image-description=\"\" data-image-caption=\"\" data-large-file=\"https:\/\/i0.wp.com\/italianpropertyauction.com\/wp-content\/uploads\/2023\/08\/huisje-montone2.png?fit=637%2C561&amp;ssl=1\" role=\"button\" tabindex=\"0\" aria-label=\"Bild\u00a02 von 2 im Vollbildmodus \u00f6ffnen\" srcset=\"https:\/\/i0.wp.com\/italianpropertyauction.com\/wp-content\/uploads\/2023\/08\/huisje-montone2.png?strip=info&#038;w=600&#038;ssl=1 600w,https:\/\/i0.wp.com\/italianpropertyauction.com\/wp-content\/uploads\/2023\/08\/huisje-montone2.png?strip=info&#038;w=637&#038;ssl=1 637w\" alt=\"\" data-height=\"561\" data-id=\"3279\" data-link=\"https:\/\/italianpropertyauction.com\/?attachment_id=3279\" data-url=\"https:\/\/italianpropertyauction.com\/wp-content\/uploads\/2023\/08\/huisje-montone2.png\" data-width=\"637\" src=\"https:\/\/i0.wp.com\/italianpropertyauction.com\/wp-content\/uploads\/2023\/08\/huisje-montone2.png?ssl=1\" data-amp-layout=\"responsive\"\/><\/figure><\/div><\/div><\/div><\/div>\n<\/div><\/div><\/div>\n<\/div><\/div>\n\n\n\n<div class=\"wp-block-stackable-map stk-block-map stk-block stk-e0d5f81 stk-block-background\" data-block-id=\"e0d5f81\"><style>.stk-e0d5f81{background-color:var(u002du002dtheme-palette-color-3,#cad2c5) !important;margin-bottom:10px !important}.stk-e0d5f81:before{background-color:var(u002du002dtheme-palette-color-3,#cad2c5) !important}<\/style><iframe\n\t\t\t\t\t\ttitle=\"Eingebetteter Inhalt von Google Maps Platform.\"\n\t\t\t\t\t\tsrc=\"https:\/\/maps.google.com\/maps?q=43.384923, 12.385904&#038;t=&#038;z=11&#038;ie=UTF8&#038;output=embed\"\n\t\t\t\t\t\tstyle=\"border:0;width:100%;max-width:none;max-height:none;height:100%;\"\n\t\t\t\t\t\taria-hidden=\"false\"\n\t\t\t\t\t\ttabindex=\"0\"\n\t\t\t\t\t\tallowfullscreen\n\t\t\t\t\t\tloading=\"lazy\"\n\t\t\t\t\t\tframeborder=\"0\"\n\t\t\t\t\t><\/iframe><\/div>\n\n\n\n<div class=\"wp-block-group alignfull is-layout-constrained wp-container-core-group-is-layout-2280d3d8 wp-block-group-is-layout-constrained\" style=\"padding-top:var(--wp--preset--spacing--80);padding-right:var(--wp--preset--spacing--50);padding-bottom:var(--wp--preset--spacing--80);padding-left:var(--wp--preset--spacing--50)\">\n<div class=\"wp-block-stackable-text stk-block-text stk-block stk-b760d51\" data-block-id=\"b760d51\"><style>.stk-b760d51{margin-bottom:11px !important}.stk-b760d51 .stk-block-text__text{font-size:25px !important;color:var(--theme-palette-color-2,#52796f) !important}@media screen and (max-width:999px){.stk-b760d51 .stk-block-text__text{font-size:25px !important}}<\/style><p class=\"stk-block-text__text has-text-color\"><strong>KONTAKT<\/strong><\/p><\/div>\n\n\n\n<div class=\"wp-block-stackable-text stk-block-text stk-block stk-7f8d2b0\" data-block-id=\"7f8d2b0\"><style>.stk-7f8d2b0 .stk-block-text__text{color:var(--theme-palette-color-5,#384b56) !important}<\/style><p class=\"stk-block-text__text has-text-color\">Wenn Sie Fragen haben oder weitere Informationen w\u00fcnschen, k\u00f6nnen Sie uns \u00fcber das unten stehende Formular kontaktieren. Wir werden Ihnen so schnell wie m\u00f6glich antworten!<\/p><\/div>\n\n\n\n<div class=\"wp-block-group alignfull has-palette-color-5-color has-tertiary-background-color has-text-color has-background is-layout-constrained wp-block-group-is-layout-constrained\" style=\"padding-top:38px;padding-bottom:38px\"><div class=\"wp-block-jetpack-contact-form is-layout-flex wp-container-jetpack-contact-form-is-layout-b7ed9015 wp-block-jetpack-contact-form-is-layout-flex\"><a href=\"https:\/\/italianpropertyauction.com\/de\/14-09-2023-umbrie-montone\/\" target=\"_blank\" rel=\"noopener noreferrer\">Formular einreichen.<\/a><\/div><\/div>\n<\/div>","protected":false},"excerpt":{"rendered":"<p>Verkocht Umbri\u00ebMontone Vrijstaande huismet vier slaapkamers | in 2000 gerenoveerd Veiling 14-09-2023 Taxatiewaarde: \u20ac 205.000,- Basisprijs: \u20ac 31.875,- Minimum bod: \u20ac 24.000,- Veiling historie 12-12-201720-04-201828-12-201831-10-201923-03-202204-10-202213-06-202314-09-2023 \u20ac 205.000,-\u20ac 184.500,-\u20ac 166.050,-\u20ac 149.445,-\u20ac 112.084,-\u20ac 85.000,-\u20ac 42.500,-\u20ac 31.875,- Omschrijving Gerenoveerd, vrijstaand huis te koop nabij Montone, voor een ongelofelijke vanaf prijs van 24.000 euro! Het huis is omgeven door [&hellip;]<\/p>\n","protected":false},"author":176211677,"featured_media":0,"parent":0,"menu_order":0,"comment_status":"closed","ping_status":"closed","template":"","meta":{"jetpack_post_was_ever_published":false,"footnotes":""},"class_list":["post-3276","page","type-page","status-publish","hentry"],"blocksy_meta":[],"yoast_head":"<!-- This site is optimized with the Yoast SEO plugin v27.3 - https:\/\/yoast.com\/product\/yoast-seo-wordpress\/ -->\n<title>14-09-2023 Umbri\u00eb | Montone - Italian Property Auction<\/title>\n<meta name=\"robots\" content=\"index, follow, max-snippet:-1, max-image-preview:large, max-video-preview:-1\" \/>\n<link rel=\"canonical\" href=\"https:\/\/italianpropertyauction.com\/de\/14-09-2023-umbrie-montone\/\" \/>\n<meta property=\"og:locale\" content=\"de_DE\" \/>\n<meta property=\"og:type\" content=\"article\" \/>\n<meta property=\"og:title\" content=\"14-09-2023 Umbri\u00eb | Montone - Italian Property Auction\" \/>\n<meta property=\"og:description\" content=\"Verkocht Umbri\u00ebMontone Vrijstaande huismet vier slaapkamers | in 2000 gerenoveerd Veiling 14-09-2023 Taxatiewaarde: \u20ac 205.000,- Basisprijs: \u20ac 31.875,- Minimum bod: \u20ac 24.000,- Veiling historie 12-12-201720-04-201828-12-201831-10-201923-03-202204-10-202213-06-202314-09-2023 \u20ac 205.000,-\u20ac 184.500,-\u20ac 166.050,-\u20ac 149.445,-\u20ac 112.084,-\u20ac 85.000,-\u20ac 42.500,-\u20ac 31.875,- Omschrijving Gerenoveerd, vrijstaand huis te koop nabij Montone, voor een ongelofelijke vanaf prijs van 24.000 euro! Het huis is omgeven door [&hellip;]\" \/>\n<meta property=\"og:url\" content=\"https:\/\/italianpropertyauction.com\/de\/14-09-2023-umbrie-montone\/\" \/>\n<meta property=\"og:site_name\" content=\"Italian Property Auction\" \/>\n<meta property=\"article:modified_time\" content=\"2023-09-23T19:42:09+00:00\" \/>\n<meta property=\"og:image\" content=\"https:\/\/i0.wp.com\/italianpropertyauction.com\/wp-content\/uploads\/2023\/08\/Huis-nabij-montone.png?ssl=1\" \/>\n<meta name=\"twitter:card\" content=\"summary_large_image\" \/>\n<meta name=\"twitter:site\" content=\"@VeilinghuisIT\" \/>\n<meta name=\"twitter:label1\" content=\"Gesch\u00e4tzte Lesezeit\" \/>\n\t<meta name=\"twitter:data1\" content=\"1\u00a0Minute\" \/>\n<script type=\"application\/ld+json\" class=\"yoast-schema-graph\">{\"@context\":\"https:\\\/\\\/schema.org\",\"@graph\":[{\"@type\":\"WebPage\",\"@id\":\"https:\\\/\\\/italianpropertyauction.com\\\/14-09-2023-umbrie-montone\\\/\",\"url\":\"https:\\\/\\\/italianpropertyauction.com\\\/14-09-2023-umbrie-montone\\\/\",\"name\":\"14-09-2023 Umbri\u00eb | Montone - Italian Property Auction\",\"isPartOf\":{\"@id\":\"https:\\\/\\\/italianpropertyauction.com\\\/#website\"},\"primaryImageOfPage\":{\"@id\":\"https:\\\/\\\/italianpropertyauction.com\\\/14-09-2023-umbrie-montone\\\/#primaryimage\"},\"image\":{\"@id\":\"https:\\\/\\\/italianpropertyauction.com\\\/14-09-2023-umbrie-montone\\\/#primaryimage\"},\"thumbnailUrl\":\"https:\\\/\\\/i0.wp.com\\\/italianpropertyauction.com\\\/wp-content\\\/uploads\\\/2023\\\/08\\\/Huis-nabij-montone.png?ssl=1\",\"datePublished\":\"2023-08-01T16:25:48+00:00\",\"dateModified\":\"2023-09-23T19:42:09+00:00\",\"breadcrumb\":{\"@id\":\"https:\\\/\\\/italianpropertyauction.com\\\/14-09-2023-umbrie-montone\\\/#breadcrumb\"},\"inLanguage\":\"de\",\"potentialAction\":[{\"@type\":\"ReadAction\",\"target\":[\"https:\\\/\\\/italianpropertyauction.com\\\/14-09-2023-umbrie-montone\\\/\"]}]},{\"@type\":\"ImageObject\",\"inLanguage\":\"de\",\"@id\":\"https:\\\/\\\/italianpropertyauction.com\\\/14-09-2023-umbrie-montone\\\/#primaryimage\",\"url\":\"https:\\\/\\\/i0.wp.com\\\/italianpropertyauction.com\\\/wp-content\\\/uploads\\\/2023\\\/08\\\/Huis-nabij-montone.png?ssl=1\",\"contentUrl\":\"https:\\\/\\\/i0.wp.com\\\/italianpropertyauction.com\\\/wp-content\\\/uploads\\\/2023\\\/08\\\/Huis-nabij-montone.png?ssl=1\"},{\"@type\":\"BreadcrumbList\",\"@id\":\"https:\\\/\\\/italianpropertyauction.com\\\/14-09-2023-umbrie-montone\\\/#breadcrumb\",\"itemListElement\":[{\"@type\":\"ListItem\",\"position\":1,\"name\":\"Home\",\"item\":\"https:\\\/\\\/italianpropertyauction.com\\\/\"},{\"@type\":\"ListItem\",\"position\":2,\"name\":\"14-09-2023 Umbri\u00eb | Montone\"}]},{\"@type\":\"WebSite\",\"@id\":\"https:\\\/\\\/italianpropertyauction.com\\\/#website\",\"url\":\"https:\\\/\\\/italianpropertyauction.com\\\/\",\"name\":\"Italian Property Auction\",\"description\":\"Real estate | Investments\",\"publisher\":{\"@id\":\"https:\\\/\\\/italianpropertyauction.com\\\/#organization\"},\"potentialAction\":[{\"@type\":\"SearchAction\",\"target\":{\"@type\":\"EntryPoint\",\"urlTemplate\":\"https:\\\/\\\/italianpropertyauction.com\\\/?s={search_term_string}\"},\"query-input\":{\"@type\":\"PropertyValueSpecification\",\"valueRequired\":true,\"valueName\":\"search_term_string\"}}],\"inLanguage\":\"de\"},{\"@type\":\"Organization\",\"@id\":\"https:\\\/\\\/italianpropertyauction.com\\\/#organization\",\"name\":\"Italian Property Auction\",\"url\":\"https:\\\/\\\/italianpropertyauction.com\\\/\",\"logo\":{\"@type\":\"ImageObject\",\"inLanguage\":\"de\",\"@id\":\"https:\\\/\\\/italianpropertyauction.com\\\/#\\\/schema\\\/logo\\\/image\\\/\",\"url\":\"https:\\\/\\\/i0.wp.com\\\/italianpropertyauction.com\\\/wp-content\\\/uploads\\\/2024\\\/07\\\/Logo-plat-groen-nieuw.png?fit=2500%2C1250&ssl=1\",\"contentUrl\":\"https:\\\/\\\/i0.wp.com\\\/italianpropertyauction.com\\\/wp-content\\\/uploads\\\/2024\\\/07\\\/Logo-plat-groen-nieuw.png?fit=2500%2C1250&ssl=1\",\"width\":2500,\"height\":1250,\"caption\":\"Italian Property Auction\"},\"image\":{\"@id\":\"https:\\\/\\\/italianpropertyauction.com\\\/#\\\/schema\\\/logo\\\/image\\\/\"},\"sameAs\":[\"https:\\\/\\\/x.com\\\/VeilinghuisIT\"]}]}<\/script>\n<!-- \/ Yoast SEO plugin. -->","yoast_head_json":{"title":"14-09-2023 Umbrien | Montone - Italienische Immobilienauktion","robots":{"index":"index","follow":"follow","max-snippet":"max-snippet:-1","max-image-preview":"max-image-preview:large","max-video-preview":"max-video-preview:-1"},"canonical":"https:\/\/italianpropertyauction.com\/de\/14-09-2023-umbrie-montone\/","og_locale":"de_DE","og_type":"article","og_title":"14-09-2023 Umbri\u00eb | Montone - Italian Property Auction","og_description":"Verkocht Umbri\u00ebMontone Vrijstaande huismet vier slaapkamers | in 2000 gerenoveerd Veiling 14-09-2023 Taxatiewaarde: \u20ac 205.000,- Basisprijs: \u20ac 31.875,- Minimum bod: \u20ac 24.000,- Veiling historie 12-12-201720-04-201828-12-201831-10-201923-03-202204-10-202213-06-202314-09-2023 \u20ac 205.000,-\u20ac 184.500,-\u20ac 166.050,-\u20ac 149.445,-\u20ac 112.084,-\u20ac 85.000,-\u20ac 42.500,-\u20ac 31.875,- Omschrijving Gerenoveerd, vrijstaand huis te koop nabij Montone, voor een ongelofelijke vanaf prijs van 24.000 euro! Het huis is omgeven door [&hellip;]","og_url":"https:\/\/italianpropertyauction.com\/de\/14-09-2023-umbrie-montone\/","og_site_name":"Italian Property Auction","article_modified_time":"2023-09-23T19:42:09+00:00","og_image":[{"url":"https:\/\/i0.wp.com\/italianpropertyauction.com\/wp-content\/uploads\/2023\/08\/Huis-nabij-montone.png?ssl=1","type":"","width":"","height":""}],"twitter_card":"summary_large_image","twitter_site":"@VeilinghuisIT","twitter_misc":{"Gesch\u00e4tzte Lesezeit":"1\u00a0Minute"},"schema":{"@context":"https:\/\/schema.org","@graph":[{"@type":"WebPage","@id":"https:\/\/italianpropertyauction.com\/14-09-2023-umbrie-montone\/","url":"https:\/\/italianpropertyauction.com\/14-09-2023-umbrie-montone\/","name":"14-09-2023 Umbrien | Montone - Italienische Immobilienauktion","isPartOf":{"@id":"https:\/\/italianpropertyauction.com\/#website"},"primaryImageOfPage":{"@id":"https:\/\/italianpropertyauction.com\/14-09-2023-umbrie-montone\/#primaryimage"},"image":{"@id":"https:\/\/italianpropertyauction.com\/14-09-2023-umbrie-montone\/#primaryimage"},"thumbnailUrl":"https:\/\/i0.wp.com\/italianpropertyauction.com\/wp-content\/uploads\/2023\/08\/Huis-nabij-montone.png?ssl=1","datePublished":"2023-08-01T16:25:48+00:00","dateModified":"2023-09-23T19:42:09+00:00","breadcrumb":{"@id":"https:\/\/italianpropertyauction.com\/14-09-2023-umbrie-montone\/#breadcrumb"},"inLanguage":"de","potentialAction":[{"@type":"ReadAction","target":["https:\/\/italianpropertyauction.com\/14-09-2023-umbrie-montone\/"]}]},{"@type":"ImageObject","inLanguage":"de","@id":"https:\/\/italianpropertyauction.com\/14-09-2023-umbrie-montone\/#primaryimage","url":"https:\/\/i0.wp.com\/italianpropertyauction.com\/wp-content\/uploads\/2023\/08\/Huis-nabij-montone.png?ssl=1","contentUrl":"https:\/\/i0.wp.com\/italianpropertyauction.com\/wp-content\/uploads\/2023\/08\/Huis-nabij-montone.png?ssl=1"},{"@type":"BreadcrumbList","@id":"https:\/\/italianpropertyauction.com\/14-09-2023-umbrie-montone\/#breadcrumb","itemListElement":[{"@type":"ListItem","position":1,"name":"Home","item":"https:\/\/italianpropertyauction.com\/"},{"@type":"ListItem","position":2,"name":"14-09-2023 Umbri\u00eb | Montone"}]},{"@type":"WebSite","@id":"https:\/\/italianpropertyauction.com\/#website","url":"https:\/\/italianpropertyauction.com\/","name":"Italienische Immobilienauktion","description":"Immobilien | Investitionen","publisher":{"@id":"https:\/\/italianpropertyauction.com\/#organization"},"potentialAction":[{"@type":"SearchAction","target":{"@type":"EntryPoint","urlTemplate":"https:\/\/italianpropertyauction.com\/?s={search_term_string}"},"query-input":{"@type":"PropertyValueSpecification","valueRequired":true,"valueName":"search_term_string"}}],"inLanguage":"de"},{"@type":"Organization","@id":"https:\/\/italianpropertyauction.com\/#organization","name":"Italienische Immobilienauktion","url":"https:\/\/italianpropertyauction.com\/","logo":{"@type":"ImageObject","inLanguage":"de","@id":"https:\/\/italianpropertyauction.com\/#\/schema\/logo\/image\/","url":"https:\/\/i0.wp.com\/italianpropertyauction.com\/wp-content\/uploads\/2024\/07\/Logo-plat-groen-nieuw.png?fit=2500%2C1250&ssl=1","contentUrl":"https:\/\/i0.wp.com\/italianpropertyauction.com\/wp-content\/uploads\/2024\/07\/Logo-plat-groen-nieuw.png?fit=2500%2C1250&ssl=1","width":2500,"height":1250,"caption":"Italian Property Auction"},"image":{"@id":"https:\/\/italianpropertyauction.com\/#\/schema\/logo\/image\/"},"sameAs":["https:\/\/x.com\/VeilinghuisIT"]}]}},"jetpack_likes_enabled":true,"jetpack_sharing_enabled":true,"jetpack_shortlink":"https:\/\/wp.me\/PepD1r-QQ","jetpack-related-posts":[],"_links":{"self":[{"href":"https:\/\/italianpropertyauction.com\/de\/wp-json\/wp\/v2\/pages\/3276","targetHints":{"allow":["GET"]}}],"collection":[{"href":"https:\/\/italianpropertyauction.com\/de\/wp-json\/wp\/v2\/pages"}],"about":[{"href":"https:\/\/italianpropertyauction.com\/de\/wp-json\/wp\/v2\/types\/page"}],"author":[{"embeddable":true,"href":"https:\/\/italianpropertyauction.com\/de\/wp-json\/wp\/v2\/users\/176211677"}],"replies":[{"embeddable":true,"href":"https:\/\/italianpropertyauction.com\/de\/wp-json\/wp\/v2\/comments?post=3276"}],"version-history":[{"count":5,"href":"https:\/\/italianpropertyauction.com\/de\/wp-json\/wp\/v2\/pages\/3276\/revisions"}],"predecessor-version":[{"id":3885,"href":"https:\/\/italianpropertyauction.com\/de\/wp-json\/wp\/v2\/pages\/3276\/revisions\/3885"}],"wp:attachment":[{"href":"https:\/\/italianpropertyauction.com\/de\/wp-json\/wp\/v2\/media?parent=3276"}],"curies":[{"name":"wp","href":"https:\/\/api.w.org\/{rel}","templated":true}]}}