{"id":1844,"date":"2023-03-10T23:32:13","date_gmt":"2023-03-10T22:32:13","guid":{"rendered":"https:\/\/italianpropertyauction.com\/?page_id=1844"},"modified":"2024-07-21T14:30:33","modified_gmt":"2024-07-21T12:30:33","slug":"blog-schlosser","status":"publish","type":"page","link":"https:\/\/italianpropertyauction.com\/de\/blog-kastelen\/","title":{"rendered":"Dieses Schloss wurde im Jahr 2022 versteigert"},"content":{"rendered":"<div class=\"wp-block-columns is-layout-flex wp-container-core-columns-is-layout-28f84493 wp-block-columns-is-layout-flex\">\n<div class=\"wp-block-column is-layout-flow wp-block-column-is-layout-flow\">\n<div class=\"wp-block-stackable-text stk-block-text stk-block stk-58f6e79\" data-block-id=\"58f6e79\"><style>.stk-58f6e79 .stk-block-text__text{font-size:16px !important;color:var(--theme-palette-color-7,#29363d) !important}@media screen and (max-width:999px){.stk-58f6e79 .stk-block-text__text{font-size:16px !important}}<\/style><p class=\"stk-block-text__text has-text-color\">Die Villa Aurora in Rom ist nicht die einzige historisch bedeutsame Immobilie, die Schwierigkeiten hat, einen K\u00e4ufer zu finden. Unten sehen Sie ein Beispiel f\u00fcr ein historisches Schloss, das \u00fcber 10 Jahre lang im Schaufenster stand, bevor es 2022 endlich einen K\u00e4ufer fand.<\/p><\/div>\n\n\n\n<div class=\"wp-block-stackable-text stk-block-text stk-block stk-d69f742\" data-block-id=\"d69f742\"><p class=\"stk-block-text__text\"><\/p><\/div>\n<\/div>\n<\/div>\n\n\n\n<div class=\"wp-block-columns is-layout-flex wp-container-core-columns-is-layout-28f84493 wp-block-columns-is-layout-flex\">\n<div class=\"wp-block-column is-layout-flow wp-block-column-is-layout-flow\">\n<div class=\"wp-block-stackable-text stk-block-text stk-block stk-67616da\" data-block-id=\"67616da\"><style>.stk-67616da .stk-block-text__text{font-size:16px !important;color:var(--theme-palette-color-8,#314149) !important}@media screen and (max-width:999px){.stk-67616da .stk-block-text__text{font-size:16px !important}}<\/style><p class=\"stk-block-text__text has-text-color\">Castello Guglielmi wird vielen Urlaubern als das markante Schloss auf einer der Inseln in der Mitte des Trasimenischen Sees in Umbrien, Isola Maggiore, bekannt sein. Aufgrund dieser Bekanntheit war es eine der Auktionen, die mein Interesse an diesem Ph\u00e4nomen geweckt haben. Innerhalb eines Jahres sah ich eine Auktion nach der anderen ohne Bieter enden. Und w\u00e4hrenddessen sank der Preis auf eine Million Euro. Wie war es m\u00f6glich, dass eine Immobilie dieser Gr\u00f6\u00dfe und mit einer so einzigartigen Lage f\u00fcr den Preis einer \"mittleren Villa\" in, sagen wir, Naarden zu haben war? Bei der letzten Auktion waren mehrere Bieter aktiv, so dass der Verkaufspreis noch einmal leicht auf 1.400.000 Euro anstieg. Nicht schlecht f\u00fcr einen 10.000 Quadratmeter gro\u00dfen Komplex mit dieser einzigartigen Lage und Ausstrahlung. Er wurde versteigert, weil die Immobiliengesellschaft, die den Komplex gekauft hatte (um ihn in eine luxuri\u00f6se Sch\u00f6nheitsfarm zu verwandeln), w\u00e4hrend der Kreditkrise 2008 in Konkurs ging. <\/p><\/div>\n<\/div>\n\n\n\n<div class=\"wp-block-column is-layout-flow wp-block-column-is-layout-flow\">\n<figure class=\"wp-block-image size-large\"><img data-recalc-dims=\"1\" loading=\"lazy\" decoding=\"async\" width=\"1024\" height=\"683\" data-attachment-id=\"1847\" data-permalink=\"https:\/\/italianpropertyauction.com\/de\/blog-kastelen\/kasteel-trasimeno\/\" data-orig-file=\"https:\/\/i0.wp.com\/italianpropertyauction.com\/wp-content\/uploads\/2023\/03\/kasteel-trasimeno.jpg?fit=5946%2C3964&amp;ssl=1\" data-orig-size=\"5946,3964\" data-comments-opened=\"1\" data-image-meta=\"{&quot;aperture&quot;:&quot;0&quot;,&quot;credit&quot;:&quot;&quot;,&quot;camera&quot;:&quot;&quot;,&quot;caption&quot;:&quot;&quot;,&quot;created_timestamp&quot;:&quot;0&quot;,&quot;copyright&quot;:&quot;&quot;,&quot;focal_length&quot;:&quot;0&quot;,&quot;iso&quot;:&quot;0&quot;,&quot;shutter_speed&quot;:&quot;0&quot;,&quot;title&quot;:&quot;&quot;,&quot;orientation&quot;:&quot;0&quot;}\" data-image-title=\"kasteel trasimeno\" data-image-description=\"\" data-image-caption=\"\" data-medium-file=\"https:\/\/i0.wp.com\/italianpropertyauction.com\/wp-content\/uploads\/2023\/03\/kasteel-trasimeno.jpg?fit=300%2C200&amp;ssl=1\" data-large-file=\"https:\/\/i0.wp.com\/italianpropertyauction.com\/wp-content\/uploads\/2023\/03\/kasteel-trasimeno.jpg?fit=1024%2C683&amp;ssl=1\" src=\"https:\/\/i0.wp.com\/italianpropertyauction.com\/wp-content\/uploads\/2023\/03\/kasteel-trasimeno.jpg?resize=1024%2C683&#038;ssl=1\" alt=\"\" class=\"wp-image-1847\" srcset=\"https:\/\/i0.wp.com\/italianpropertyauction.com\/wp-content\/uploads\/2023\/03\/kasteel-trasimeno.jpg?resize=1024%2C683&amp;ssl=1 1024w, https:\/\/i0.wp.com\/italianpropertyauction.com\/wp-content\/uploads\/2023\/03\/kasteel-trasimeno.jpg?resize=300%2C200&amp;ssl=1 300w, https:\/\/i0.wp.com\/italianpropertyauction.com\/wp-content\/uploads\/2023\/03\/kasteel-trasimeno.jpg?resize=768%2C512&amp;ssl=1 768w, https:\/\/i0.wp.com\/italianpropertyauction.com\/wp-content\/uploads\/2023\/03\/kasteel-trasimeno.jpg?resize=1536%2C1024&amp;ssl=1 1536w, https:\/\/i0.wp.com\/italianpropertyauction.com\/wp-content\/uploads\/2023\/03\/kasteel-trasimeno.jpg?resize=2048%2C1365&amp;ssl=1 2048w, https:\/\/i0.wp.com\/italianpropertyauction.com\/wp-content\/uploads\/2023\/03\/kasteel-trasimeno.jpg?resize=1200%2C800&amp;ssl=1 1200w, https:\/\/i0.wp.com\/italianpropertyauction.com\/wp-content\/uploads\/2023\/03\/kasteel-trasimeno.jpg?resize=600%2C400&amp;ssl=1 600w, https:\/\/i0.wp.com\/italianpropertyauction.com\/wp-content\/uploads\/2023\/03\/kasteel-trasimeno.jpg?w=2580&amp;ssl=1 2580w, https:\/\/i0.wp.com\/italianpropertyauction.com\/wp-content\/uploads\/2023\/03\/kasteel-trasimeno.jpg?w=3870&amp;ssl=1 3870w\" sizes=\"auto, (max-width: 1024px) 100vw, 1024px\" \/><\/figure>\n<\/div>\n<\/div>","protected":false},"excerpt":{"rendered":"<p>Villa Aurora in Rome is niet het enige historisch belangrijke pand dat moeite heeft een koper te vinden. Hieronder een voorbeeld van een historisch kasteel dat ruim 10 jaar in de etalage stond, voordat het in 2022 eindelijk een koper vond. Castello Guglielmi zullen veel vakantiegangers kennen, als het opvallende kasteel op \u00e9\u00e9n van de [&hellip;]<\/p>\n","protected":false},"author":176211677,"featured_media":0,"parent":0,"menu_order":0,"comment_status":"closed","ping_status":"closed","template":"","meta":{"jetpack_post_was_ever_published":false,"footnotes":""},"class_list":["post-1844","page","type-page","status-publish","hentry"],"blocksy_meta":{"styles_descriptor":{"styles":{"desktop":"","tablet":"","mobile":""},"google_fonts":[],"version":6}},"yoast_head":"<!-- This site is optimized with the Yoast SEO plugin v27.3 - https:\/\/yoast.com\/product\/yoast-seo-wordpress\/ -->\n<title>Dit kasteel werd in 2022 geveild - Italian Property Auction<\/title>\n<meta name=\"robots\" content=\"index, follow, max-snippet:-1, max-image-preview:large, max-video-preview:-1\" \/>\n<link rel=\"canonical\" href=\"https:\/\/italianpropertyauction.com\/de\/blog-schlosser\/\" \/>\n<meta property=\"og:locale\" content=\"de_DE\" \/>\n<meta property=\"og:type\" content=\"article\" \/>\n<meta property=\"og:title\" content=\"Dit kasteel werd in 2022 geveild - Italian Property Auction\" \/>\n<meta property=\"og:description\" content=\"Villa Aurora in Rome is niet het enige historisch belangrijke pand dat moeite heeft een koper te vinden. Hieronder een voorbeeld van een historisch kasteel dat ruim 10 jaar in de etalage stond, voordat het in 2022 eindelijk een koper vond. Castello Guglielmi zullen veel vakantiegangers kennen, als het opvallende kasteel op \u00e9\u00e9n van de [&hellip;]\" \/>\n<meta property=\"og:url\" content=\"https:\/\/italianpropertyauction.com\/de\/blog-schlosser\/\" \/>\n<meta property=\"og:site_name\" content=\"Italian Property Auction\" \/>\n<meta property=\"article:modified_time\" content=\"2024-07-21T12:30:33+00:00\" \/>\n<meta property=\"og:image\" content=\"https:\/\/italianpropertyauction.com\/wp-content\/uploads\/2023\/03\/kasteel-trasimeno-1024x683.jpg\" \/>\n<meta name=\"twitter:card\" content=\"summary_large_image\" \/>\n<meta name=\"twitter:site\" content=\"@VeilinghuisIT\" \/>\n<meta name=\"twitter:label1\" content=\"Gesch\u00e4tzte Lesezeit\" \/>\n\t<meta name=\"twitter:data1\" content=\"2\u00a0Minuten\" \/>\n<script type=\"application\/ld+json\" class=\"yoast-schema-graph\">{\"@context\":\"https:\\\/\\\/schema.org\",\"@graph\":[{\"@type\":\"WebPage\",\"@id\":\"https:\\\/\\\/italianpropertyauction.com\\\/blog-kastelen\\\/\",\"url\":\"https:\\\/\\\/italianpropertyauction.com\\\/blog-kastelen\\\/\",\"name\":\"Dit kasteel werd in 2022 geveild - Italian Property Auction\",\"isPartOf\":{\"@id\":\"https:\\\/\\\/italianpropertyauction.com\\\/#website\"},\"primaryImageOfPage\":{\"@id\":\"https:\\\/\\\/italianpropertyauction.com\\\/blog-kastelen\\\/#primaryimage\"},\"image\":{\"@id\":\"https:\\\/\\\/italianpropertyauction.com\\\/blog-kastelen\\\/#primaryimage\"},\"thumbnailUrl\":\"https:\\\/\\\/italianpropertyauction.com\\\/wp-content\\\/uploads\\\/2023\\\/03\\\/kasteel-trasimeno-1024x683.jpg\",\"datePublished\":\"2023-03-10T22:32:13+00:00\",\"dateModified\":\"2024-07-21T12:30:33+00:00\",\"breadcrumb\":{\"@id\":\"https:\\\/\\\/italianpropertyauction.com\\\/blog-kastelen\\\/#breadcrumb\"},\"inLanguage\":\"de\",\"potentialAction\":[{\"@type\":\"ReadAction\",\"target\":[\"https:\\\/\\\/italianpropertyauction.com\\\/blog-kastelen\\\/\"]}]},{\"@type\":\"ImageObject\",\"inLanguage\":\"de\",\"@id\":\"https:\\\/\\\/italianpropertyauction.com\\\/blog-kastelen\\\/#primaryimage\",\"url\":\"https:\\\/\\\/italianpropertyauction.com\\\/wp-content\\\/uploads\\\/2023\\\/03\\\/kasteel-trasimeno-1024x683.jpg\",\"contentUrl\":\"https:\\\/\\\/italianpropertyauction.com\\\/wp-content\\\/uploads\\\/2023\\\/03\\\/kasteel-trasimeno-1024x683.jpg\"},{\"@type\":\"BreadcrumbList\",\"@id\":\"https:\\\/\\\/italianpropertyauction.com\\\/blog-kastelen\\\/#breadcrumb\",\"itemListElement\":[{\"@type\":\"ListItem\",\"position\":1,\"name\":\"Home\",\"item\":\"https:\\\/\\\/italianpropertyauction.com\\\/\"},{\"@type\":\"ListItem\",\"position\":2,\"name\":\"Dit kasteel werd in 2022 geveild\"}]},{\"@type\":\"WebSite\",\"@id\":\"https:\\\/\\\/italianpropertyauction.com\\\/#website\",\"url\":\"https:\\\/\\\/italianpropertyauction.com\\\/\",\"name\":\"Italian Property Auction\",\"description\":\"Real estate | Investments\",\"publisher\":{\"@id\":\"https:\\\/\\\/italianpropertyauction.com\\\/#organization\"},\"potentialAction\":[{\"@type\":\"SearchAction\",\"target\":{\"@type\":\"EntryPoint\",\"urlTemplate\":\"https:\\\/\\\/italianpropertyauction.com\\\/?s={search_term_string}\"},\"query-input\":{\"@type\":\"PropertyValueSpecification\",\"valueRequired\":true,\"valueName\":\"search_term_string\"}}],\"inLanguage\":\"de\"},{\"@type\":\"Organization\",\"@id\":\"https:\\\/\\\/italianpropertyauction.com\\\/#organization\",\"name\":\"Italian Property Auction\",\"url\":\"https:\\\/\\\/italianpropertyauction.com\\\/\",\"logo\":{\"@type\":\"ImageObject\",\"inLanguage\":\"de\",\"@id\":\"https:\\\/\\\/italianpropertyauction.com\\\/#\\\/schema\\\/logo\\\/image\\\/\",\"url\":\"https:\\\/\\\/i0.wp.com\\\/italianpropertyauction.com\\\/wp-content\\\/uploads\\\/2024\\\/07\\\/Logo-plat-groen-nieuw.png?fit=2500%2C1250&ssl=1\",\"contentUrl\":\"https:\\\/\\\/i0.wp.com\\\/italianpropertyauction.com\\\/wp-content\\\/uploads\\\/2024\\\/07\\\/Logo-plat-groen-nieuw.png?fit=2500%2C1250&ssl=1\",\"width\":2500,\"height\":1250,\"caption\":\"Italian Property Auction\"},\"image\":{\"@id\":\"https:\\\/\\\/italianpropertyauction.com\\\/#\\\/schema\\\/logo\\\/image\\\/\"},\"sameAs\":[\"https:\\\/\\\/x.com\\\/VeilinghuisIT\"]}]}<\/script>\n<!-- \/ Yoast SEO plugin. -->","yoast_head_json":{"title":"Dieses Schloss wird 2022 versteigert - Italian Property Auction","robots":{"index":"index","follow":"follow","max-snippet":"max-snippet:-1","max-image-preview":"max-image-preview:large","max-video-preview":"max-video-preview:-1"},"canonical":"https:\/\/italianpropertyauction.com\/de\/blog-schlosser\/","og_locale":"de_DE","og_type":"article","og_title":"Dit kasteel werd in 2022 geveild - Italian Property Auction","og_description":"Villa Aurora in Rome is niet het enige historisch belangrijke pand dat moeite heeft een koper te vinden. Hieronder een voorbeeld van een historisch kasteel dat ruim 10 jaar in de etalage stond, voordat het in 2022 eindelijk een koper vond. Castello Guglielmi zullen veel vakantiegangers kennen, als het opvallende kasteel op \u00e9\u00e9n van de [&hellip;]","og_url":"https:\/\/italianpropertyauction.com\/de\/blog-schlosser\/","og_site_name":"Italian Property Auction","article_modified_time":"2024-07-21T12:30:33+00:00","og_image":[{"url":"https:\/\/italianpropertyauction.com\/wp-content\/uploads\/2023\/03\/kasteel-trasimeno-1024x683.jpg","type":"","width":"","height":""}],"twitter_card":"summary_large_image","twitter_site":"@VeilinghuisIT","twitter_misc":{"Gesch\u00e4tzte Lesezeit":"2\u00a0Minuten"},"schema":{"@context":"https:\/\/schema.org","@graph":[{"@type":"WebPage","@id":"https:\/\/italianpropertyauction.com\/blog-kastelen\/","url":"https:\/\/italianpropertyauction.com\/blog-kastelen\/","name":"Dieses Schloss wird 2022 versteigert - Italian Property Auction","isPartOf":{"@id":"https:\/\/italianpropertyauction.com\/#website"},"primaryImageOfPage":{"@id":"https:\/\/italianpropertyauction.com\/blog-kastelen\/#primaryimage"},"image":{"@id":"https:\/\/italianpropertyauction.com\/blog-kastelen\/#primaryimage"},"thumbnailUrl":"https:\/\/italianpropertyauction.com\/wp-content\/uploads\/2023\/03\/kasteel-trasimeno-1024x683.jpg","datePublished":"2023-03-10T22:32:13+00:00","dateModified":"2024-07-21T12:30:33+00:00","breadcrumb":{"@id":"https:\/\/italianpropertyauction.com\/blog-kastelen\/#breadcrumb"},"inLanguage":"de","potentialAction":[{"@type":"ReadAction","target":["https:\/\/italianpropertyauction.com\/blog-kastelen\/"]}]},{"@type":"ImageObject","inLanguage":"de","@id":"https:\/\/italianpropertyauction.com\/blog-kastelen\/#primaryimage","url":"https:\/\/italianpropertyauction.com\/wp-content\/uploads\/2023\/03\/kasteel-trasimeno-1024x683.jpg","contentUrl":"https:\/\/italianpropertyauction.com\/wp-content\/uploads\/2023\/03\/kasteel-trasimeno-1024x683.jpg"},{"@type":"BreadcrumbList","@id":"https:\/\/italianpropertyauction.com\/blog-kastelen\/#breadcrumb","itemListElement":[{"@type":"ListItem","position":1,"name":"Home","item":"https:\/\/italianpropertyauction.com\/"},{"@type":"ListItem","position":2,"name":"Dit kasteel werd in 2022 geveild"}]},{"@type":"WebSite","@id":"https:\/\/italianpropertyauction.com\/#website","url":"https:\/\/italianpropertyauction.com\/","name":"Italienische Immobilienauktion","description":"Immobilien | Investitionen","publisher":{"@id":"https:\/\/italianpropertyauction.com\/#organization"},"potentialAction":[{"@type":"SearchAction","target":{"@type":"EntryPoint","urlTemplate":"https:\/\/italianpropertyauction.com\/?s={search_term_string}"},"query-input":{"@type":"PropertyValueSpecification","valueRequired":true,"valueName":"search_term_string"}}],"inLanguage":"de"},{"@type":"Organization","@id":"https:\/\/italianpropertyauction.com\/#organization","name":"Italienische Immobilienauktion","url":"https:\/\/italianpropertyauction.com\/","logo":{"@type":"ImageObject","inLanguage":"de","@id":"https:\/\/italianpropertyauction.com\/#\/schema\/logo\/image\/","url":"https:\/\/i0.wp.com\/italianpropertyauction.com\/wp-content\/uploads\/2024\/07\/Logo-plat-groen-nieuw.png?fit=2500%2C1250&ssl=1","contentUrl":"https:\/\/i0.wp.com\/italianpropertyauction.com\/wp-content\/uploads\/2024\/07\/Logo-plat-groen-nieuw.png?fit=2500%2C1250&ssl=1","width":2500,"height":1250,"caption":"Italian Property Auction"},"image":{"@id":"https:\/\/italianpropertyauction.com\/#\/schema\/logo\/image\/"},"sameAs":["https:\/\/x.com\/VeilinghuisIT"]}]}},"jetpack_likes_enabled":true,"jetpack_sharing_enabled":true,"jetpack_shortlink":"https:\/\/wp.me\/PepD1r-tK","jetpack-related-posts":[],"_links":{"self":[{"href":"https:\/\/italianpropertyauction.com\/de\/wp-json\/wp\/v2\/pages\/1844","targetHints":{"allow":["GET"]}}],"collection":[{"href":"https:\/\/italianpropertyauction.com\/de\/wp-json\/wp\/v2\/pages"}],"about":[{"href":"https:\/\/italianpropertyauction.com\/de\/wp-json\/wp\/v2\/types\/page"}],"author":[{"embeddable":true,"href":"https:\/\/italianpropertyauction.com\/de\/wp-json\/wp\/v2\/users\/176211677"}],"replies":[{"embeddable":true,"href":"https:\/\/italianpropertyauction.com\/de\/wp-json\/wp\/v2\/comments?post=1844"}],"version-history":[{"count":8,"href":"https:\/\/italianpropertyauction.com\/de\/wp-json\/wp\/v2\/pages\/1844\/revisions"}],"predecessor-version":[{"id":7645,"href":"https:\/\/italianpropertyauction.com\/de\/wp-json\/wp\/v2\/pages\/1844\/revisions\/7645"}],"wp:attachment":[{"href":"https:\/\/italianpropertyauction.com\/de\/wp-json\/wp\/v2\/media?parent=1844"}],"curies":[{"name":"wp","href":"https:\/\/api.w.org\/{rel}","templated":true}]}}